{"id":304,"date":"2014-04-22T13:15:25","date_gmt":"2014-04-22T13:15:25","guid":{"rendered":"http:\/\/pbwww.che.sbg.ac.at\/wordpress\/?page_id=304"},"modified":"2020-09-03T13:44:21","modified_gmt":"2020-09-03T12:44:21","slug":"publications","status":"publish","type":"page","link":"https:\/\/pbwww.services.came.sbg.ac.at\/?page_id=304","title":{"rendered":"Publications"},"content":{"rendered":"<h2 style=\"text-align: justify;\">2020<\/h2>\n<p style=\"text-align: justify;\">A hybrid of two major Blomia tropicalis allergens as an allergy vaccine candidate. da Silva ES, Aglas L, Pinheiro CS, de Andrade Belitardo EMM, Silveira EF, Huber S, Torres RT, Wallner M, Briza P, Lackner P, Laimer J, Luis Pacheco GC, Cruz \u00c1A, Alc\u00e2ntara-Neves NM, Ferreira F. <em>  Clin Exp Allergy<\/em> 2020. DOI: <a class=\"extlink\" tabindex=\"404\" title=\"DOI: 10.1111\/cea.13611\" href=\"https:\/\/doi.org\/10.1111\/cea.13611\" target=\"_blank\" rel=\"noopener noreferrer\">10.1111\/cea.13611<\/a>. PMID: <a class=\"extlink\" tabindex=\"404\" title=\"PubMed 32314444\" href=\"https:\/\/www.ncbi.nlm.nih.gov\/pubmed\/32314444\" target=\"_blank\" rel=\"noopener noreferrer\">32314444<\/a><\/p>\n<p style=\"text-align: justify;\">In silico Design of Phl p 6 Variants With Altered Fold-Stability Significantly Impacts Antigen Processing, Immunogenicity and Immune Polarization. Winter P, Stubenvoll S, Scheiblhofer S, Joubert IA, Strasser L, Briganser C, Soh WT, Hofer F, Kamenik AS, Dietrich V, Michelini S, Laimer J, Lackner P, Horejs-Hoeck J, Tollinger M, Liedl KR, Brandstetter J, Huber CG, Weiss R. <em> Front. Immunol.<\/em> 2020. DOI: <a class=\"extlink\" tabindex=\"404\" title=\"DOI:  10.3389\/fimmu.2020.01824\" href=\"https:\/\/doi.org\/10.3389\/fimmu.2020.01824\" target=\"_blank\" rel=\"noopener noreferrer\">10.3389\/fimmu.2020.01824<\/a><\/p>\n<p style=\"text-align: justify;\">The Cell Wall PAC (Proline-Rich, Arabinogalactan Proteins, Conserved Cysteines) Domain-Proteins Are Conserved in the Green Lineage.<br \/>\nNguyen-Kim H, San Clemente H, Laimer J, Lackner P, Gadermaier G, Dunand C, Jamet E. <em> Int J Mol Sci.<\/em> 2020. DOI: <a class=\"extlink\" tabindex=\"404\" title=\"DOI: 10.3390\/ijms21072488\" href=\"https:\/\/doi.org\/10.3390\/ijms21072488\" target=\"_blank\" rel=\"noopener noreferrer\">10.3390\/ijms21072488<\/a>. PMID: <a class=\"extlink\" tabindex=\"404\" title=\"PubMed 32260156\" href=\"https:\/\/www.ncbi.nlm.nih.gov\/pubmed\/32260156\" target=\"_blank\" rel=\"noopener noreferrer\">32260156<\/a><\/p>\n<h2 style=\"text-align: justify;\">2019<\/h2>\n<p style=\"text-align: justify;\">Rational Design, Structure-Activity Relationship, and Immunogenicity of Hypoallergenic Pru p 3 Variants. Eichhorn S, H\u00f6rschl\u00e4ger A, Steiner M, Laimer J, Jensen BM, Versteeg SA, Pablos I, Briza P, Jongejan L, Rigby N, Asturias JA, Portol\u00e9s A, Fernandez-Rivas M, Papadopoulos NG, Mari A, Poulsen LK, Lackner P, van Ree R, Ferreira F, Gadermaier G. <em>Mol Nutr Food Res.<\/em> 2019. DOI: <a class=\"extlink\" tabindex=\"404\" title=\"DOI: 10.1002\/mnfr.201900336\" href=\"https:\/\/doi.org\/10.1002\/mnfr.201900336\" target=\"_blank\" rel=\"noopener noreferrer\">10.1002\/mnfr.201900336<\/a>. PMID: <a class=\"extlink\" tabindex=\"404\" title=\"PubMed 31207117\" href=\"https:\/\/www.ncbi.nlm.nih.gov\/pubmed\/31207117\" target=\"_blank\" rel=\"noopener noreferrer\">31207117<\/a><\/p>\n<p style=\"text-align: justify;\">Compound heterozygous SZT2 mutations in two siblings with early-onset epilepsy, intellectual disability and macrocephaly. Domingues FS, K\u00f6nig E, Schwienbacher C, Volpato CB, Picard A, Cantaloni C, Mascalzoni D, Lackner P, Heimbach A, Hoffmann P, Stanzial F, Hicks AA, Parmeggiani L, Benedicenti F, Pellegrin S, Casara G, Pramstaller PP.<em> Seizure.<\/em> 2019. DOI: <a class=\"extlink\" tabindex=\"404\" title=\"DOI: 10.1016\/j.seizure.2018.12.021\" href=\"https:\/\/doi.org\/10.1016\/j.seizure.2018.12.021\" target=\"_blank\" rel=\"noopener noreferrer\">10.1016\/j.seizure.2018.12.021<\/a>. PMID: <a class=\"extlink\" tabindex=\"404\" title=\"PubMed 30818181\" href=\"https:\/\/www.ncbi.nlm.nih.gov\/pubmed\/30818181\" target=\"_blank\" rel=\"noopener noreferrer\">30818181<\/a><\/p>\n<h2 style=\"text-align: justify;\">2018<\/h2>\n<p style=\"text-align: justify;\">Dissecting the subcellular membrane proteome reveals enrichment of H+ (co-)transporters and vesicle trafficking proteins in acidic zones of Chara internodal cells. Pertl-Obermeyer H, Lackner P, Schulze WX, Hoepflinger MC, Hoeftberger M, Foissner I, Obermeyer G. <em>PLoS One.<\/em> 2018. DOI: <a class=\"extlink\" tabindex=\"404\" title=\"DOI: 10.1371\/journal.pone.0201480\" href=\"https:\/\/doi.org\/10.1371\/journal.pone.0201480\" target=\"_blank\" rel=\"noopener noreferrer\">10.1371\/journal.pone.0201480<\/a>. PMID: <a class=\"extlink\" tabindex=\"404\" title=\"PubMed 30157181\" href=\"https:\/\/www.ncbi.nlm.nih.gov\/pubmed\/30157181\" target=\"_blank\" rel=\"noopener noreferrer\">30157181<\/a><\/p>\n<p style=\"text-align: justify;\">The Pollen Plasma Membrane Permeome Converts Transmembrane Ion Transport Into Speed. Pertl-Obermeyer H, Lackner P, Dunlop JWC Obermeyer G. <em>Advances in Botanical Research. Elsevier.<\/em> 2018. DOI: <a class=\"extlink\" tabindex=\"404\" title=\"DOI 10.1016\/bs.abr.2018.09.008\" href=\"https:\/\/doi.org\/10.1016\/bs.abr.2018.09.008\" target=\"_blank\" rel=\"noopener noreferrer\">10.1016\/bs.abr.2018.09.008<\/a><\/p>\n<p style=\"text-align: justify;\">Synergistic Cross-Talk of Hedgehog and Interleukin-6 Signaling Drives Growth of Basal Cell Carcinoma. Sternberg C, Gruber W, Eberl M, Tesanovic S, Stadler M, Elmer DP, Schlederer M, Grund S, Roos S, Wolff F, Kaur S, Mangelberger D, Lehrach H, Hache H, Wierling C, Laimer J, Lackner P, Wiederstein M, Kasper M, Risch A, Petzelbauer P, Moriggl R, Kenner L, Aberger F. <em>Int J Cancer.<\/em> 2018 Jul 10. DOI: <a class=\"extlink\" tabindex=\"404\" title=\"DOI: 10.1002\/ijc.31724\" href=\"https:\/\/doi.org\/10.1002\/ijc.31724\" target=\"_blank\" rel=\"noopener noreferrer\">10.1002\/ijc.31724<\/a>. PMID: <a class=\"extlink\" tabindex=\"404\" title=\"PubMed 29987839\" href=\"https:\/\/www.ncbi.nlm.nih.gov\/pubmed\/29987839\" target=\"_blank\" rel=\"noopener noreferrer\">29987839<\/a><\/p>\n<h2 style=\"text-align: justify;\">2017<\/h2>\n<p style=\"text-align: justify;\">Multi-Approach Analysis for the Identification of Proteases within Birch Pollen. McKenna OE, Posselt G, Briza P, Lackner P, Schmitt AO, Gadermaier G, Wessler S, Ferreira F. <em>Int J Mol Sci.<\/em> 2017 Jul 4;18(7). pii: E1433. doi: 10.3390\/ijms18071433. PMID: <a class=\"extlink\" tabindex=\"404\" title=\"PubMed 28677627\" href=\"https:\/\/www.ncbi.nlm.nih.gov\/pubmed\/28677627\" target=\"_blank\" rel=\"noopener noreferrer\">28677627<\/a><\/p>\n<p style=\"text-align: justify;\">Identification of Proteases and Protease Inhibitors in Allergenic and Non-Allergenic Pollen. H\u00f6llbacher B, Schmitt AO, Hofer H, Ferreira F, Lackner P. <em>Int J Mol Sci.<\/em> 2017 Jun 5;18(6). pii: E1199. doi: 10.3390\/ijms18061199. PMID: <a class=\"extlink\" tabindex=\"404\" title=\"PubMed 28456805\" href=\"https:\/\/www.ncbi.nlm.nih.gov\/pubmed\/28587253\" target=\"_blank\" rel=\"noopener noreferrer\">28587253<\/a><\/p>\n<p style=\"text-align: justify;\">Allergens of Blomia tropicalis: An Overview of Recombinant Molecules. Santos da Silva E, Asam C, Lackner P, Hofer H, Wallner M, Silva Pinheiro C, Alc\u00e2ntara-Neves NM, Ferreira F. <em>Int Arch Allergy Immunol.<\/em> 2017 Apr 29;172(4):203-214. doi: 10.1159\/000464325. PMID: <a class=\"extlink\" tabindex=\"404\" title=\"PubMed 28456805\" href=\"https:\/\/www.ncbi.nlm.nih.gov\/pubmed\/28456805\" target=\"_blank\" rel=\"noopener noreferrer\">28456805<\/a><\/p>\n<p style=\"text-align: justify;\">Influence of protein fold stability on immunogenicity and its implications for vaccine design. Scheiblhofer S, Laimer J, Machado Y, Weiss R, Thalhamer J. <em>Expert Rev Vaccines<\/em> 2017 May;16(5):479-489. doi: 10.1080\/14760584.2017.1306441. PMID: <a class=\"extlink\" tabindex=\"404\" title=\"PubMed 28290225\" href=\"http:\/\/www.ncbi.nlm.nih.gov\/pubmed\/28290225\" target=\"_blank\" rel=\"noopener noreferrer\">28290225<\/a><\/p>\n<h2 style=\"text-align: justify;\">2016<\/h2>\n<p style=\"text-align: justify;\">Tackling Bet v 1 and associated food allergies with a single hybrid protein. Hofer H, Asam C, Hauser M, Nagl B, Laimer J, Himly M, Briza P, Ebner C, Lang R, Hawranek T, Bohle B, Lackner P, Ferreira F, Wallner M. <em>J Allergy Clin Immunol.<\/em> 2016 Dec 7. pii: S0091-6749(16)31441-5. doi: 10.1016\/j.jaci.2016.09.055. PMID: <a class=\"extlink\" tabindex=\"404\" title=\"PubMed 27939703\" href=\"https:\/\/www.ncbi.nlm.nih.gov\/pubmed\/27939703\" target=\"_blank\" rel=\"noopener noreferrer\">27939703<\/a><\/p>\n<p style=\"text-align: justify;\">MAESTROweb: a web server for structure based protein stability prediction. Laimer J, Hiebl-Flach J, Lengauer D, Lackner P. <em>Bioinformatics<\/em> 2016 Jan 6. pii: btv769. doi: 10.1093\/bioinformatics\/btv769. PMID: <a class=\"extlink\" tabindex=\"404\" title=\"PubMed 26743508\" href=\"http:\/\/www.ncbi.nlm.nih.gov\/pubmed\/26743508\" target=\"_blank\" rel=\"noopener noreferrer\">26743508<\/a><\/p>\n<h2 style=\"text-align: justify;\">2015<\/h2>\n<p style=\"text-align: justify;\">Fold stability during endolysosomal acidification is a key factor for allergenicity and immunogenicity of the major birch pollen allergen. Machado Y, Freier R, Scheiblhofer S, Thalhamer T, Mayr M, Briza P, Grutsch S, Ahammer L, Fuchs JE, Wallnoefer HG, Isakovic A, Kohlbauer V, Hinterholzer A, Steiner M, Danzer M, Horejs-Hoeck J, Ferreira F, Liedl KR, Tollinger M, Lackner P, Johnson CM, Brandstetter H, Thalhamer J, Weiss R. <em>J Allergy Clin Immunol.<\/em> 2015 Nov 11. pii: S0091-6749(15)01366-4. doi: 10.1016\/j.jaci.2015.09.026. PMID: <a class=\"extlink\" tabindex=\"404\" title=\"PubMed 26559323\" href=\"http:\/\/www.ncbi.nlm.nih.gov\/pubmed\/26559323\" target=\"_blank\" rel=\"noopener noreferrer\">26559323<\/a><\/p>\n<p style=\"text-align: justify;\">MAESTRO &#8211; multi agent stability prediction upon point mutations. Laimer J, Hofer H, Fritz M, Wegenkittl S, Lackner P. &nbsp;<em>BMC Bioinformatics<\/em> 2015, 16:116&nbsp;doi:10.1186\/s12859-015-0548-6. PMID:&nbsp;<a class=\"extlink\" tabindex=\"404\" title=\"PubMed 25885774\" href=\"http:\/\/www.ncbi.nlm.nih.gov\/pubmed\/25885774\" target=\"_blank\" rel=\"noopener noreferrer\">25885774<\/a><\/p>\n<h2 style=\"text-align: justify;\">2014<\/h2>\n<p style=\"text-align: justify;\">Development of a hypoallergenic and immunogenic Pru p 3 proline variant for treatment of peach allergy. &nbsp;Eichhorn S, Steiner M,&nbsp;Laimer J,&nbsp;Lackner P, Zuidmeer-Jongejan L,&nbsp;Briza P, &nbsp;Mari A, van Ree R,&nbsp;&nbsp;Ferreira F,&nbsp;Gadermaier G.&nbsp;Clinical and Translational Allergy 2014, <strong>4<\/strong>(Suppl 2):O22 doi:10.1186\/2045-7022-4-S2-O22<\/p>\n<h2 style=\"text-align: justify;\">2013<\/h2>\n<p style=\"text-align: justify;\">Differences in the intrinsic immunogenicity and allergenicity of Bet v 1 and related food allergens revealed by site-directed mutagenesis. Roulias A, Pichler U, Hauser M, Himly M, Hofer H, Lackner P, Ebner C, Briza P, Bohle B, Egger M, Wallner M, Ferreira F. Allergy. 2013 Nov 14. doi: 10.1111\/all.12306.<br \/>\nPMID: <a class=\"extlink\" tabindex=\"404\" title=\"PubMed 24224690\" href=\"http:\/\/www.ncbi.nlm.nih.gov\/pubmed\/24224690\" target=\"_blank\" rel=\"noopener noreferrer\">24224690<\/a><\/p>\n<p style=\"text-align: justify;\">D-Light on promoters: a client-server system for the analysis and visualization of cis-regulatory elements. Laimer J, Zuzan CJ, Ehrenberger T, Freudenberger M, Gschwandtner S, Lebherz C, Lackner P. BMC Bioinformatics. 2013 Apr 24;14:140. doi: 10.1186\/1471-2105-14-140.<br \/>\nPMID: <a class=\"extlink\" tabindex=\"405\" title=\"PMID: 23617301\" href=\"http:\/\/www.ncbi.nlm.nih.gov\/pubmed\/23617301\" target=\"_blank\" rel=\"noopener noreferrer\">23617301<\/a><\/p>\n<h2 style=\"text-align: justify;\">2012<\/h2>\n<p style=\"text-align: justify;\">Nitration of the pollen allergen bet v 1.0101 enhances the presentation of bet v 1-derived peptides by HLA-DR on human dendritic cells. Karle AC, Oostingh GJ, Mutschlechner S, Ferreira F, Lackner P, Bohle B, Fischer GF, Vogt AB, Duschl A. PLoS One. 2012;7(2):e31483. doi: 10.1371\/journal.pone.0031483. Epub 2012 Feb 14.<br \/>\nPMID: <a class=\"extlink\" tabindex=\"406\" title=\"PMID 22348091\" href=\"http:\/\/www.ncbi.nlm.nih.gov\/pubmed\/22348091\" target=\"_blank\" rel=\"noopener noreferrer\">22348091<\/a><\/p>\n<h2 style=\"text-align: justify;\">2010<\/h2>\n<p style=\"text-align: justify;\">Thalhamer T, Dobias H, Stepanoska T, Pr\u00f6ll M, Stutz H, Dissertori O, Lackner P, Ferreira F, Wallner M, Thalhamer J, Hartl A. Designing hypoallergenic derivatives for allergy treatment by means of in silico mutation and screening. J Allergy Clin Immunol. 2010 Apr;125(4):926-934.e10.<br \/>\nPMID: <a class=\"extlink\" tabindex=\"407\" title=\"Link NCBI\" href=\"http:\/\/www.ncbi.nlm.nih.gov\/pubmed\/20371399\" target=\"_blank\" rel=\"noopener noreferrer\">20371399<\/a><\/p>\n<p style=\"text-align: justify;\">Mutschlechner S, Egger M, Briza P, Wallner M, Lackner P, Karle A, Vogt AB, Fischer GF, Bohle B, Ferreira F. Naturally processed T cell-activating peptides of the major birch pollen allergen. J Allergy Clin Immunol. 2010 Mar;125(3):711-8, 718.e1-718.e2. Epub 2010 Feb 4.<br \/>\nPMID: <a class=\"extlink\" tabindex=\"408\" title=\"Link NCBI\" href=\"http:\/\/www.ncbi.nlm.nih.gov\/pubmed\/20132976\" target=\"_blank\" rel=\"noopener noreferrer\">20132976<\/a><\/p>\n<h2 style=\"text-align: justify;\">2009<\/h2>\n<p style=\"text-align: justify;\">Bindreither D, Lackner P. Structural diversity of calcium binding sites. In: General physiology and biophysics. Gen. Physiol. Biophys. 2009; Vol.28, Focus Issue.<\/p>\n<p style=\"text-align: justify;\">Berbalk C, Schwaiger CS, Lackner P. Accuracy analysis of multiple structure alignments. Protein Sci 2009 Oct;18(10):2027-35.<br \/>\nPMID: <a class=\"extlink\" tabindex=\"409\" title=\"Link NCBI\" href=\"http:\/\/www.ncbi.nlm.nih.gov\/pubmed\/19621383?ordinalpos=1&amp;itool=EntrezSystem2.PEntrez.Pubmed.Pubmed_ResultsPanel.Pubmed_RVDocSum\" target=\"_blank\" rel=\"noopener noreferrer\">19621383<\/a><\/p>\n<p style=\"text-align: justify;\">P\u00f6ll V, Denk U, Shen HD, Panzani RC, Dissertori O, Lackner P, Hemmer W, Mari A, Crameri R, Lottspeich F, Rid R, Richter K, Breitenbach M, Simon-Nobbe B. The vacuolar serine protease, a cross-reactive allergen from Cladosporium herbarum. Mol Immunol. 2009 Apr;46(7):1360-73. Epub 2009 Jan 21.<br \/>\nPMID: <a class=\"extlink\" tabindex=\"410\" title=\"Link NCBI\" href=\"http:\/\/www.ncbi.nlm.nih.gov\/pubmed\/19162325?ordinalpos=1&amp;itool=EntrezSystem2.PEntrez.Pubmed.Pubmed_ResultsPanel.Pubmed_RVDocSum\" target=\"_blank\" rel=\"noopener noreferrer\">19162325<\/a><\/p>\n<p style=\"text-align: justify;\">Klinglmayr E, Hauser M, Zimmermann F, Dissertori O, Lackner P, Wopfner N, Ferreira F, Wallner M. Identification of B-cell epitopes of Bet v 1 involved in cross-reactivity with food allergens. Allergy 2009 Apr;64(4):647-51. Epub 2009 Jan 9.<br \/>\nPMID: <a class=\"extlink\" tabindex=\"411\" title=\"Link NCBI\" href=\"http:\/\/www.ncbi.nlm.nih.gov\/pubmed\/19154550?ordinalpos=1&amp;itool=EntrezSystem2.PEntrez.Pubmed.Pubmed_ResultsPanel.Pubmed_RVDocSum\" target=\"_blank\" rel=\"noopener noreferrer\">19154550<\/a><\/p>\n<h2 style=\"text-align: justify;\">2008<\/h2>\n<p style=\"text-align: justify;\">Mayr G,Lepperdinger G, Lackner P. Automated quantitative assessment of proteins\u2019 biological function in protein knowledge bases. Hindawi Publishing Corporation, Adv Bioinformatics. 2008:897019. Epub 2008 Jun 30.<br \/>\nHINDAWI AIP: <a class=\"extlink\" tabindex=\"412\" title=\"Link HINDAWI\" href=\"http:\/\/www.hindawi.com\/journals\/abi\/aip.897019.html\" target=\"_blank\" rel=\"noopener noreferrer\">897019 <\/a><br \/>\nPMID: <a class=\"extlink\" tabindex=\"413\" title=\"Link NCBI\" href=\"http:\/\/www.ncbi.nlm.nih.gov\/pubmed\/19920991?ordinalpos=1&amp;itool=EntrezSystem2.PEntrez.Pubmed.Pubmed_ResultsPanel.Pubmed_RVDocSum\" target=\"_blank\" rel=\"noopener noreferrer\">19920991<\/a><\/p>\n<p style=\"text-align: justify;\">Radauer C, Lackner P, Breiteneder H. The Bet v 1 fold: an ancient, versatile scaffold for binding of large, hydrophobic ligands. BMC Evolutionary Biology 2008 Oct 15;8:286.<br \/>\nPMID: <a class=\"extlink\" tabindex=\"414\" title=\"Link NCBI\" href=\"http:\/\/www.ncbi.nlm.nih.gov\/pubmed\/18922149?ordinalpos=1&amp;itool=EntrezSystem2.PEntrez.Pubmed.Pubmed_ResultsPanel.Pubmed_RVDocSum\" target=\"_blank\" rel=\"noopener noreferrer\">18922149<\/a><\/p>\n<h2 style=\"text-align: justify;\">2007<\/h2>\n<p style=\"text-align: justify;\">Mayr G, Domingues FS, Lackner P.Comparative analysis of protein structure alignments. BMC Struct Biol. 2007 Jul 26;7:50.<br \/>\nPMID: <a class=\"extlink\" tabindex=\"415\" title=\"Link NCBI\" href=\"http:\/\/www.ncbi.nlm.nih.gov\/pubmed\/17672887?ordinalpos=1&amp;itool=EntrezSystem2.PEntrez.Pubmed.Pubmed_ResultsPanel.Pubmed_RVDocSum\" target=\"_blank\" rel=\"noopener noreferrer\">17672887 <\/a>[PubMed &#8211; indexed for MEDLINE]<\/p>\n<p style=\"text-align: justify;\">Wallner M, St\u00f6cklinger A, Thalhamer T, Bohle B, Vogel L, Briza P, Breiteneder H, Vieths S, Hartl A, Mari A, Ebner C, Lackner P, Hammerl P, Thalhamer J, Ferreira F. Allergy multivaccines created by DNA shuffling of tree pollen allergens. J Allergy Clin Immunol. 2007 Aug;120(2):374-80. Epub 2007 Jul 10.<br \/>\nPMID: <a class=\"extlink\" tabindex=\"416\" title=\"Link NCBI\" href=\"http:\/\/www.ncbi.nlm.nih.gov\/pubmed\/17624416?ordinalpos=2&amp;itool=EntrezSystem2.PEntrez.Pubmed.Pubmed_ResultsPanel.Pubmed_RVDocSum\" target=\"_blank\" rel=\"noopener noreferrer\">17624416 <\/a>[PubMed &#8211; indexed for MEDLINE]<\/p>\n<p style=\"text-align: justify;\">Wopfner N, Dissertori O, Ferreira F, Lackner P. Calcium-binding proteins and their role in allergic diseases. Immunol Allergy Clin North Am. 2007 Feb;27(1):29-44.<br \/>\nPMID: <a class=\"extlink\" tabindex=\"417\" title=\"Link NCBI\" href=\"http:\/\/www.ncbi.nlm.nih.gov\/pubmed\/17276877?dopt=AbstractPlus\" target=\"_blank\" rel=\"noopener noreferrer\">17276877 <\/a>[PubMed &#8211; in process]<\/p>\n<h2 style=\"text-align: justify;\">2005<\/h2>\n<p style=\"text-align: justify;\">Henn IH, Gostner JM, Lackner P, Tatzelt J, Winklhofer KF. Pathogenic mutations inactivate parkin by distinct mechanisms. J Neurochem. 2005 Jan;92(1):114-22.<br \/>\nPMID: <a class=\"extlink\" tabindex=\"418\" title=\"Link NCBI\" href=\"http:\/\/www.ncbi.nlm.nih.gov\/entrez\/query.fcgi?db=pubmed&amp;cmd=Retrieve&amp;dopt=AbstractPlus&amp;list_uids=15606901&amp;query_hl=21&amp;itool=pubmed_DocSum\" target=\"_blank\" rel=\"noopener noreferrer\">15606901 <\/a>[PubMed &#8211; indexed for MEDLINE]<\/p>\n<h2 style=\"text-align: justify;\">2004<\/h2>\n<p style=\"text-align: justify;\">Prlic A, Domingues FS, Lackner P, Sippl MJ. WILMA-automated annotation of protein sequences. Bioinformatics. 2004 Jan 1;20(1):127-8.<br \/>\nPMID: <a class=\"extlink\" tabindex=\"419\" title=\"Link NCBI\" href=\"http:\/\/www.ncbi.nlm.nih.gov\/entrez\/query.fcgi?db=pubmed&amp;cmd=Retrieve&amp;dopt=AbstractPlus&amp;list_uids=14693821&amp;query_hl=24&amp;itool=pubmed_DocSum\" target=\"_blank\" rel=\"noopener noreferrer\">14693821 <\/a>[PubMed &#8211; indexed for MEDLINE]<\/p>\n<p style=\"text-align: justify;\">Wiederstein M., Lackner P., Kienberger F., Sippl M. (2004) Directed in silico Mutagenesis. Evolutionary Methods in Biotechnology: Wiley-VCH, 153-175 . Brakmann S. &amp; Schwienhorst A. (eds)<\/p>\n<h2 style=\"text-align: justify;\">2002<\/h2>\n<p style=\"text-align: justify;\">Amberger A, Schneeberger S, Hernegger G, Brandacher G, Obrist P, Lackner P, Margreiter R, Mark W. Gene expression profiling of prolonged cold ischemia and reperfusion in murine heart transplants. Transplantation. 2002 Nov 27;74(10):1441-9.<br \/>\nPMID: <a class=\"extlink\" tabindex=\"420\" title=\"Link NCBI\" href=\"http:\/\/www.ncbi.nlm.nih.gov\/pubmed\/12451246?dopt=AbstractPlus\" target=\"_blank\" rel=\"noopener noreferrer\">12451246 <\/a>[PubMed &#8211; indexed for MEDLINE]<\/p>\n<p style=\"text-align: justify;\">Lackner P. (2002) Tailor-made recombinant proteins: from computational analysis to practical application. Recent Research Developments. Proteins, Volume 1.Transworld Research Network. 2002, Trivandrum, India<\/p>\n<h2 style=\"text-align: justify;\">2000 and earlier<\/h2>\n<p style=\"text-align: justify;\">Domingues F., Lackner P., Andreeva A., Sippl M. (2000) Structure based evaluation of sequence comparison and fold recognition alignment accuracy. The Journal of Molecular Biology 297(4), 1003-1013, London<\/p>\n<p style=\"text-align: justify;\">Lackner P., Koppensteiner W., Sippl M., Domingues F. (2000) ProSup: a refined tool for protein structure alignment. Protein Engineering 13(11): 745-752<\/p>\n<p style=\"text-align: justify;\">Domingues FS, Koppensteiner WA, Jaritz M, Prlic A, Weichenberger C, Wiederstein M, Floeckner H, Lackner P, Sippl MJ. Sustained performance of knowledge-based potentials in fold recognition. Proteins. 1999;Suppl 3:112-20.<br \/>\nPMID: <a class=\"extlink\" tabindex=\"421\" title=\"Link NCBI\" href=\"http:\/\/www.ncbi.nlm.nih.gov\/entrez\/query.fcgi?cmd=Retrieve&amp;db=pubmed&amp;dopt=Abstract&amp;list_uids=10526359&amp;query_hl=7&amp;itool=pubmed_DocSum\" target=\"_blank\" rel=\"noopener noreferrer\">10526359<\/a><\/p>\n<p style=\"text-align: justify;\">Lackner P, Koppensteiner WA, Domingues FS, Sippl MJ. Automated large scale evaluation of protein structure predictions. Proteins. 1999;Suppl 3:7-14.<br \/>\nPMID: <a class=\"extlink\" tabindex=\"422\" title=\"Link NCBI\" href=\"http:\/\/www.ncbi.nlm.nih.gov\/pubmed\/10526347?dopt=Abstract\" target=\"_blank\" rel=\"noopener noreferrer\">10526347<\/a><\/p>\n<p style=\"text-align: justify;\">Sippl MJ, Ortner M, Jaritz M, Lackner P, Flockner H. Helmholtz free energies of atom pair interactions in proteins. Fold Des. 1996;1(4):289-98.<br \/>\nPMID: <a class=\"extlink\" tabindex=\"423\" title=\"Link NCBI\" href=\"http:\/\/www.ncbi.nlm.nih.gov\/entrez\/query.fcgi?cmd=Retrieve&amp;db=pubmed&amp;dopt=Abstract&amp;list_uids=9079391&amp;query_hl=7&amp;itool=pubmed_DocSum\" target=\"_blank\" rel=\"noopener noreferrer\">9079391<\/a><\/p>\n<p style=\"text-align: justify;\">Flockner H, Braxenthaler M, Lackner P, Jaritz M, Ortner M, Sippl MJ. Progress in fold recognition. Proteins. 1995 Nov;23(3):376-86.<br \/>\nPMID: <a class=\"extlink\" tabindex=\"424\" title=\"Link NCBI\" href=\"http:\/\/www.ncbi.nlm.nih.gov\/pubmed\/8710830?dopt=Abstract\" target=\"_blank\" rel=\"noopener noreferrer\">8710830<\/a><\/p>\n<p style=\"text-align: justify;\">Sippl MJ, Hendlich M, Lackner P. Assembly of polypeptide and protein backbone conformations from low energy ensembles of short fragments: development of strategies and construction of models for myoglobin, lysozyme, and thymosin beta 4. Protein Sci. 1992 May;1(5):625-40.<br \/>\nPMID: <a class=\"extlink\" tabindex=\"425\" title=\"Link NCBI\" href=\"http:\/\/www.ncbi.nlm.nih.gov\/pubmed\/1304362?dopt=Abstract\" target=\"_blank\" rel=\"noopener noreferrer\">1304362<\/a><\/p>\n<p style=\"text-align: justify;\">Hendlich M, Lackner P, Weitckus S, Floeckner H, Froschauer R, Gottsbacher K, Casari G, Sippl MJ. Identification of native protein folds amongst a large number of incorrect models. The calculation of low energy conformations from potentials of mean force. J Mol Biol. 1990 Nov 5;216(1):167-80.<br \/>\nPMID: <a class=\"extlink\" tabindex=\"426\" title=\"Link NCBI\" href=\"http:\/\/www.ncbi.nlm.nih.gov\/entrez\/query.fcgi?cmd=Retrieve&amp;db=pubmed&amp;dopt=Abstract&amp;list_uids=2121999&amp;query_hl=7&amp;itool=pubmed_DocSum\" target=\"_blank\" rel=\"noopener noreferrer\">2121999<\/a><\/p>\n","protected":false},"excerpt":{"rendered":"<p>2020 A hybrid of two major Blomia tropicalis allergens as an allergy vaccine candidate. da Silva ES, Aglas L, Pinheiro CS, de Andrade Belitardo EMM, Silveira EF, Huber S, Torres RT, Wallner M, Briza P, Lackner P, Laimer J, Luis Pacheco GC, Cruz \u00c1A, Alc\u00e2ntara-Neves NM, Ferreira F. Clin Exp Allergy 2020. DOI: 10.1111\/cea.13611. PMID: &hellip; <a href=\"https:\/\/pbwww.services.came.sbg.ac.at\/?page_id=304\" class=\"more-link\">Continue reading <span class=\"screen-reader-text\">Publications<\/span> <span class=\"meta-nav\">&rarr;<\/span><\/a><\/p>\n","protected":false},"author":1,"featured_media":0,"parent":0,"menu_order":0,"comment_status":"closed","ping_status":"closed","template":"","meta":[],"_links":{"self":[{"href":"https:\/\/pbwww.services.came.sbg.ac.at\/index.php?rest_route=\/wp\/v2\/pages\/304"}],"collection":[{"href":"https:\/\/pbwww.services.came.sbg.ac.at\/index.php?rest_route=\/wp\/v2\/pages"}],"about":[{"href":"https:\/\/pbwww.services.came.sbg.ac.at\/index.php?rest_route=\/wp\/v2\/types\/page"}],"author":[{"embeddable":true,"href":"https:\/\/pbwww.services.came.sbg.ac.at\/index.php?rest_route=\/wp\/v2\/users\/1"}],"replies":[{"embeddable":true,"href":"https:\/\/pbwww.services.came.sbg.ac.at\/index.php?rest_route=%2Fwp%2Fv2%2Fcomments&post=304"}],"version-history":[{"count":28,"href":"https:\/\/pbwww.services.came.sbg.ac.at\/index.php?rest_route=\/wp\/v2\/pages\/304\/revisions"}],"predecessor-version":[{"id":755,"href":"https:\/\/pbwww.services.came.sbg.ac.at\/index.php?rest_route=\/wp\/v2\/pages\/304\/revisions\/755"}],"wp:attachment":[{"href":"https:\/\/pbwww.services.came.sbg.ac.at\/index.php?rest_route=%2Fwp%2Fv2%2Fmedia&parent=304"}],"curies":[{"name":"wp","href":"https:\/\/api.w.org\/{rel}","templated":true}]}}